{"id":3629,"date":"2017-10-20T10:44:28","date_gmt":"2017-10-20T08:44:28","guid":{"rendered":"https:\/\/msj.dk.bluebird.pw\/museum-soenderjylland\/"},"modified":"2024-08-20T11:03:36","modified_gmt":"2024-08-20T09:03:36","slug":"museum-soenderjylland-2","status":"publish","type":"page","link":"https:\/\/msj.dk.bluebird.pw\/de\/","title":{"rendered":"Museum S\u00f8nderjylland DE"},"content":{"rendered":"<div id=\"pl-3629\"  class=\"panel-layout\" ><div id=\"pg-3629-0\"  class=\"panel-grid panel-no-style\" ><div id=\"pgc-3629-0-0\"  class=\"panel-grid-cell\" ><div id=\"panel-3629-0-0-0\" class=\"so-panel widget widget_mtt-cover-museums panel-first-child panel-last-child\" data-index=\"0\" ><div\n\t\t\t\n\t\t\tclass=\"so-widget-mtt-cover-museums so-widget-mtt-cover-museums-base\"\n\t\t\t\n\t\t>\n<section class=\"mtt-cover-museums\">\n\n    <div class=\"mtt-cover-museums__inner page_container\">\n        <div class=\"mtt-cover-museums__text-container\">\n                            <h1 class=\"mtt-cover-museums__title bg-color\">\n                    <span class=\"c_prim_custom_background\">Museum <\/span><br><span class=\"c_prim_custom_background\"> S\u00f8nderjylland<\/span>                <\/h1>\n                                        <div class=\"mtt-cover-museums__text\">\n                    <span class=\"\">Wilkommen im Museum<\/span>                <\/div>\n            \n            \n                    <\/div>\n    <\/div>\n\n    \n    \n                    <div class=\"mtt-cover-museums__image-container object-fit\">\n                <img loading=\"lazy\" decoding=\"async\" width=\"1920\" height=\"1080\" src=\"https:\/\/msj.dk.bluebird.pw\/wp-content\/uploads\/2024\/07\/design-uden-navn-2024-07-22t142434556.jpg\" class=\"attachment-2000x2000x size-2000x2000x\" alt=\"\" srcset=\"https:\/\/msj.dk.bluebird.pw\/wp-content\/uploads\/2024\/07\/design-uden-navn-2024-07-22t142434556.jpg 1920w, https:\/\/msj.dk.bluebird.pw\/wp-content\/uploads\/2024\/07\/design-uden-navn-2024-07-22t142434556-300x169.jpg 300w, https:\/\/msj.dk.bluebird.pw\/wp-content\/uploads\/2024\/07\/design-uden-navn-2024-07-22t142434556-1024x576.jpg 1024w\" sizes=\"auto, (max-width: 1920px) 100vw, 1920px\" \/>            <\/div>\n        \n    \n<\/section><\/div><\/div><\/div><\/div><div id=\"pg-3629-1\"  class=\"panel-grid panel-no-style\" ><div id=\"pgc-3629-1-0\"  class=\"panel-grid-cell\" ><div id=\"panel-3629-1-0-0\" class=\"so-panel widget widget_mtt-text-image-museums panel-first-child panel-last-child\" data-index=\"1\" ><div\n\t\t\t\n\t\t\tclass=\"so-widget-mtt-text-image-museums so-widget-mtt-text-image-museums-base\"\n\t\t\t\n\t\t>\n<section class=\"mtt-text-image-museums mtt-text-image-museums--image-right\">\n\n        <div class=\"mtt-text-image-museums__inner page_container halfhalf\">\n            <div class=\"mtt-text-image-museums__text-container\">\n                                    <h2 class=\"mtt-text-image-museums__title bg-color\">\n                        <span class=\"c_secondary_custom_background\">Ein Museum f\u00fcr die gesamte Region<\/span>                    <\/h2>\n                                                    <div class=\"mtt-text-image-museums__text\"><p>Die 10 Ausstellungsorte, Museen und Kulturmilieus des Museums S\u00f8nderjylland bieten Erlebnisse und Wissen zu den Themen Arch\u00e4ologie, Kunst, Geschichte und Naturgeschichte.<\/p>\n<p>Im Schloss Sonderburg erfahren Sie die Geschichte von den Herz\u00f6gen, Kriegen und der Wiedervereinigung 1920. In Tondern k\u00f6nnen Sie nordeurop\u00e4ische Kunst in einem faszinierenden Wechselspiel mit dem feinsten Kunsthandwerk vom 17. Jh. bis in die Gegenwart erleben. In Apenrade finden Sie die nordschleswigsche Kunst im kleinsten und gem\u00fctlichsten Schloss, und in Gram k\u00f6nnen Sie mit der ganzen Familie 10 Millionen Jahre alte Fossilien suchen.<\/p>\n<p>Besuchen Sie auch unsere anderen interessanten Museen und beteiligen Sie sich an den zahlreichen Aktivit\u00e4ten des Jahres. Auf dieser Homepage finden Sie alle Angaben dazu.<\/p>\n<p>Willkommen zu Erlebnissen, Aktivit\u00e4ten und neuem Wissen in ganz Nordschleswig!<\/p>\n<\/div>\n                                            <\/div>\n\n            <div class=\"mtt-text-image-museums__image-container with-image with-graphics\">\n\n                <div class=\"image object-fit\">\n                    <img loading=\"lazy\" decoding=\"async\" width=\"1200\" height=\"575\" src=\"https:\/\/msj.dk.bluebird.pw\/wp-content\/uploads\/2021\/11\/kulturhistorie-imagetext-1200x575.jpg\" class=\"attachment-1200x1200x size-1200x1200x\" alt=\"\" srcset=\"https:\/\/msj.dk.bluebird.pw\/wp-content\/uploads\/2021\/11\/kulturhistorie-imagetext-1200x575.jpg 1200w, https:\/\/msj.dk.bluebird.pw\/wp-content\/uploads\/2021\/11\/kulturhistorie-imagetext-300x144.jpg 300w, https:\/\/msj.dk.bluebird.pw\/wp-content\/uploads\/2021\/11\/kulturhistorie-imagetext-1024x491.jpg 1024w, https:\/\/msj.dk.bluebird.pw\/wp-content\/uploads\/2021\/11\/kulturhistorie-imagetext.jpg 1369w\" sizes=\"auto, (max-width: 1200px) 100vw, 1200px\" \/>                <\/div>\n\n                \n            <\/div>\n        <\/div>\n<\/section><\/div><\/div><\/div><\/div><div id=\"pg-3629-2\"  class=\"panel-grid panel-no-style\" ><div id=\"pgc-3629-2-0\"  class=\"panel-grid-cell panel-grid-cell-empty\" ><\/div><\/div><\/div>","protected":false},"excerpt":{"rendered":"<p>Museum S\u00f8nderjylland Wilkommen im Museum Ein Museum f\u00fcr die gesamte Region Die 10 Ausstellungsorte, Museen und Kulturmilieus des Museums S\u00f8nderjylland bieten Erlebnisse und Wissen zu den Themen Arch\u00e4ologie, Kunst, Geschichte und Naturgeschichte. Im Schloss Sonderburg erfahren Sie die Geschichte von den Herz\u00f6gen, Kriegen und der Wiedervereinigung 1920. In Tondern k\u00f6nnen Sie nordeurop\u00e4ische Kunst in einem [&hellip;]<\/p>\n","protected":false},"author":2,"featured_media":0,"parent":0,"menu_order":0,"comment_status":"closed","ping_status":"closed","template":"","meta":{"_acf_changed":false,"inline_featured_image":false,"footnotes":""},"class_list":["post-3629","page","type-page","status-publish","hentry"],"acf":[],"yoast_head":"<!-- This site is optimized with the Yoast SEO plugin v27.2 - https:\/\/yoast.com\/product\/yoast-seo-wordpress\/ -->\n<title>Museum S\u00f8nderjylland - altid masser af oplevelser for voksne og b\u00f8rn<\/title>\n<meta name=\"description\" content=\"Bes\u00f8g et af vores mange museer med oplevelser, aktiviteter og viden inden for kunst, naturhistorie og kulturhistorie.\" \/>\n<meta name=\"robots\" content=\"noindex, follow, max-snippet:-1, max-image-preview:large, max-video-preview:-1\" \/>\n<meta property=\"og:locale\" content=\"de_DE\" \/>\n<meta property=\"og:type\" content=\"article\" \/>\n<meta property=\"og:title\" content=\"Museum S\u00f8nderjylland - altid masser af oplevelser for voksne og b\u00f8rn\" \/>\n<meta property=\"og:description\" content=\"Bes\u00f8g et af vores mange museer med oplevelser, aktiviteter og viden inden for kunst, naturhistorie og kulturhistorie.\" \/>\n<meta property=\"og:url\" content=\"https:\/\/msj.dk.bluebird.pw\/de\/\" \/>\n<meta property=\"og:site_name\" content=\"Museum S\u00f8nderjylland\" \/>\n<meta property=\"article:modified_time\" content=\"2024-08-20T09:03:36+00:00\" \/>\n<meta name=\"twitter:card\" content=\"summary_large_image\" \/>\n<meta name=\"twitter:label1\" content=\"Est. reading time\" \/>\n\t<meta name=\"twitter:data1\" content=\"2 minutes\" \/>\n<script type=\"application\/ld+json\" class=\"yoast-schema-graph\">{\"@context\":\"https:\/\/schema.org\",\"@graph\":[{\"@type\":\"WebPage\",\"@id\":\"https:\/\/msj.dk.bluebird.pw\/de\/\",\"url\":\"https:\/\/msj.dk.bluebird.pw\/de\/\",\"name\":\"Museum S\u00f8nderjylland - altid masser af oplevelser for voksne og b\u00f8rn\",\"isPartOf\":{\"@id\":\"https:\/\/msj.dk.bluebird.pw\/#website\"},\"datePublished\":\"2017-10-20T08:44:28+00:00\",\"dateModified\":\"2024-08-20T09:03:36+00:00\",\"description\":\"Bes\u00f8g et af vores mange museer med oplevelser, aktiviteter og viden inden for kunst, naturhistorie og kulturhistorie.\",\"breadcrumb\":{\"@id\":\"https:\/\/msj.dk.bluebird.pw\/de\/#breadcrumb\"},\"inLanguage\":\"de-DE\",\"potentialAction\":[{\"@type\":\"ReadAction\",\"target\":[\"https:\/\/msj.dk.bluebird.pw\/de\/\"]}]},{\"@type\":\"BreadcrumbList\",\"@id\":\"https:\/\/msj.dk.bluebird.pw\/de\/#breadcrumb\",\"itemListElement\":[{\"@type\":\"ListItem\",\"position\":1,\"name\":\"Hjem\",\"item\":\"https:\/\/msj.dk.bluebird.pw\/de\/\"},{\"@type\":\"ListItem\",\"position\":2,\"name\":\"Museum S\u00f8nderjylland DE\"}]},{\"@type\":\"WebSite\",\"@id\":\"https:\/\/msj.dk.bluebird.pw\/#website\",\"url\":\"https:\/\/msj.dk.bluebird.pw\/\",\"name\":\"Museum S\u00f8nderjylland\",\"description\":\"\",\"potentialAction\":[{\"@type\":\"SearchAction\",\"target\":{\"@type\":\"EntryPoint\",\"urlTemplate\":\"https:\/\/msj.dk.bluebird.pw\/?s={search_term_string}\"},\"query-input\":{\"@type\":\"PropertyValueSpecification\",\"valueRequired\":true,\"valueName\":\"search_term_string\"}}],\"inLanguage\":\"de-DE\"}]}<\/script>\n<!-- \/ Yoast SEO plugin. -->","yoast_head_json":{"title":"Museum S\u00f8nderjylland - altid masser af oplevelser for voksne og b\u00f8rn","description":"Bes\u00f8g et af vores mange museer med oplevelser, aktiviteter og viden inden for kunst, naturhistorie og kulturhistorie.","robots":{"index":"noindex","follow":"follow","max-snippet":"max-snippet:-1","max-image-preview":"max-image-preview:large","max-video-preview":"max-video-preview:-1"},"og_locale":"de_DE","og_type":"article","og_title":"Museum S\u00f8nderjylland - altid masser af oplevelser for voksne og b\u00f8rn","og_description":"Bes\u00f8g et af vores mange museer med oplevelser, aktiviteter og viden inden for kunst, naturhistorie og kulturhistorie.","og_url":"https:\/\/msj.dk.bluebird.pw\/de\/","og_site_name":"Museum S\u00f8nderjylland","article_modified_time":"2024-08-20T09:03:36+00:00","twitter_card":"summary_large_image","twitter_misc":{"Est. reading time":"2 minutes"},"schema":{"@context":"https:\/\/schema.org","@graph":[{"@type":"WebPage","@id":"https:\/\/msj.dk.bluebird.pw\/de\/","url":"https:\/\/msj.dk.bluebird.pw\/de\/","name":"Museum S\u00f8nderjylland - altid masser af oplevelser for voksne og b\u00f8rn","isPartOf":{"@id":"https:\/\/msj.dk.bluebird.pw\/#website"},"datePublished":"2017-10-20T08:44:28+00:00","dateModified":"2024-08-20T09:03:36+00:00","description":"Bes\u00f8g et af vores mange museer med oplevelser, aktiviteter og viden inden for kunst, naturhistorie og kulturhistorie.","breadcrumb":{"@id":"https:\/\/msj.dk.bluebird.pw\/de\/#breadcrumb"},"inLanguage":"de-DE","potentialAction":[{"@type":"ReadAction","target":["https:\/\/msj.dk.bluebird.pw\/de\/"]}]},{"@type":"BreadcrumbList","@id":"https:\/\/msj.dk.bluebird.pw\/de\/#breadcrumb","itemListElement":[{"@type":"ListItem","position":1,"name":"Hjem","item":"https:\/\/msj.dk.bluebird.pw\/de\/"},{"@type":"ListItem","position":2,"name":"Museum S\u00f8nderjylland DE"}]},{"@type":"WebSite","@id":"https:\/\/msj.dk.bluebird.pw\/#website","url":"https:\/\/msj.dk.bluebird.pw\/","name":"Museum S\u00f8nderjylland","description":"","potentialAction":[{"@type":"SearchAction","target":{"@type":"EntryPoint","urlTemplate":"https:\/\/msj.dk.bluebird.pw\/?s={search_term_string}"},"query-input":{"@type":"PropertyValueSpecification","valueRequired":true,"valueName":"search_term_string"}}],"inLanguage":"de-DE"}]}},"_links":{"self":[{"href":"https:\/\/msj.dk.bluebird.pw\/de\/wp-json\/wp\/v2\/pages\/3629","targetHints":{"allow":["GET"]}}],"collection":[{"href":"https:\/\/msj.dk.bluebird.pw\/de\/wp-json\/wp\/v2\/pages"}],"about":[{"href":"https:\/\/msj.dk.bluebird.pw\/de\/wp-json\/wp\/v2\/types\/page"}],"author":[{"embeddable":true,"href":"https:\/\/msj.dk.bluebird.pw\/de\/wp-json\/wp\/v2\/users\/2"}],"replies":[{"embeddable":true,"href":"https:\/\/msj.dk.bluebird.pw\/de\/wp-json\/wp\/v2\/comments?post=3629"}],"version-history":[{"count":13,"href":"https:\/\/msj.dk.bluebird.pw\/de\/wp-json\/wp\/v2\/pages\/3629\/revisions"}],"predecessor-version":[{"id":26339,"href":"https:\/\/msj.dk.bluebird.pw\/de\/wp-json\/wp\/v2\/pages\/3629\/revisions\/26339"}],"wp:attachment":[{"href":"https:\/\/msj.dk.bluebird.pw\/de\/wp-json\/wp\/v2\/media?parent=3629"}],"curies":[{"name":"wp","href":"https:\/\/api.w.org\/{rel}","templated":true}]}}